{"id":567,"date":"2025-03-18T11:05:44","date_gmt":"2025-03-18T10:05:44","guid":{"rendered":"https:\/\/continotransporte.es\/inicio\/"},"modified":"2025-04-24T13:33:00","modified_gmt":"2025-04-24T11:33:00","slug":"home","status":"publish","type":"page","link":"https:\/\/continotransporte.es\/de\/","title":{"rendered":"Startseite"},"content":{"rendered":"\n<div class=\"wp-block-group alignfull solo-movil has-accent-2-background-color has-background has-global-padding is-layout-constrained wp-block-group-is-layout-constrained\">\n<figure class=\"wp-block-image alignfull size-large\"><img alt=\"\" loading=\"lazy\" decoding=\"async\" width=\"1240\" height=\"698\" src=\"https:\/\/continotransporte.es\/wp-content\/uploads\/contino5-1240x698.webp\" alt=\"\" class=\"wp-image-451\" srcset=\"https:\/\/continotransporte.es\/wp-content\/uploads\/contino5-1240x698.webp 1240w, https:\/\/continotransporte.es\/wp-content\/uploads\/contino5-921x518.webp 921w, https:\/\/continotransporte.es\/wp-content\/uploads\/contino5-450x253.webp 450w, https:\/\/continotransporte.es\/wp-content\/uploads\/contino5-768x432.webp 768w, https:\/\/continotransporte.es\/wp-content\/uploads\/contino5-1536x864.webp 1536w, https:\/\/continotransporte.es\/wp-content\/uploads\/contino5.webp 1800w\" sizes=\"auto, (max-width: 1240px) 100vw, 1240px\" \/><\/figure>\n\n\n\n<div class=\"wp-block-group has-global-padding is-layout-constrained wp-container-core-group-is-layout-956c2a94 wp-block-group-is-layout-constrained\" style=\"padding-top:var(--wp--preset--spacing--30);padding-right:0;padding-bottom:var(--wp--preset--spacing--60);padding-left:0\">\n<h1 class=\"wp-block-heading has-text-align-center has-xx-large-font-size\" style=\"font-style:normal;font-weight:400\">KONTINUIERLICHE TRANSPORTE<\/h1>\n\n\n\n<p class=\"has-text-align-center has-large-font-size\">Logistikl\u00f6sungen von der spanischen Levante nach Europa<\/p>\n\n\n\n<div class=\"wp-block-buttons scale-in-center is-content-justification-center is-layout-flex wp-container-core-buttons-is-layout-a89b3969 wp-block-buttons-is-layout-flex\">\n<div class=\"wp-block-button\"><a class=\"wp-block-button__link wp-element-button\" href=\"tel:34950460167\" style=\"box-shadow:var(--wp--preset--shadow--deep)\">\n JETZT <img decoding=\"async\" src=\"\/wp-content\/uploads\/phone.svg\" alt=\"Telefon\" style=\"width: 24px; height: 24px; vertical-align: text-top; margin-left: 8px;\"\/>\n        <\/a><\/div>\n<\/div>\n<\/div>\n<\/div>\n\n<div class=\"wp-block-group alignfull solo-desktop has-global-padding is-layout-constrained wp-block-group-is-layout-constrained\" style=\"margin-top:0;margin-bottom:0\">\n<div class=\"wp-block-cover alignfull is-light wp-duotone-unset-1\" style=\"min-height:80vh;aspect-ratio:unset;\"><img alt=\"\" loading=\"lazy\" decoding=\"async\" width=\"1240\" height=\"698\" class=\"wp-block-cover__image-background wp-image-451 size-large\" alt=\"\" src=\"https:\/\/continotransporte.es\/wp-content\/uploads\/contino5-1240x698.webp\" style=\"object-position:40% 57%\" data-object-fit=\"cover\" data-object-position=\"40% 57%\" srcset=\"https:\/\/continotransporte.es\/wp-content\/uploads\/contino5-1240x698.webp 1240w, https:\/\/continotransporte.es\/wp-content\/uploads\/contino5-921x518.webp 921w, https:\/\/continotransporte.es\/wp-content\/uploads\/contino5-450x253.webp 450w, https:\/\/continotransporte.es\/wp-content\/uploads\/contino5-768x432.webp 768w, https:\/\/continotransporte.es\/wp-content\/uploads\/contino5-1536x864.webp 1536w, https:\/\/continotransporte.es\/wp-content\/uploads\/contino5.webp 1800w\" sizes=\"auto, (max-width: 1240px) 100vw, 1240px\" \/><span aria-hidden=\"true\" class=\"wp-block-cover__background has-accent-3-background-color has-background-dim-10 has-background-dim\"><\/span><div class=\"wp-block-cover__inner-container is-layout-flow wp-block-cover-is-layout-flow\">\n<div class=\"wp-block-group has-global-padding is-layout-constrained wp-block-group-is-layout-constrained\">\n<div class=\"wp-block-group alignwide is-vertical is-content-justification-center is-layout-flex wp-container-core-group-is-layout-f49096a7 wp-block-group-is-layout-flex\" style=\"margin-top:var(--wp--preset--spacing--40);margin-bottom:var(--wp--preset--spacing--40)\">\n<h1 class=\"wp-block-heading alignwide has-text-align-center is-style-default sombra-oscura fade-in-bottom has-base-color has-text-color has-link-color wp-elements-51dbbbb06fabffd7e4742a0194195932\" style=\"font-style:normal;font-weight:700\">KONTINUIERLICHE TRANSPORTE<\/h1>\n\n\n\n<p class=\"has-text-align-center sombra-oscura fade-in-bottom-02 has-base-color has-text-color has-link-color has-large-font-size wp-elements-8f9d18cc113bcf5e7d8437bd92c207b1\">Logistikl\u00f6sungen von der spanischen Levante nach Europa<\/p>\n<\/div>\n\n\n\n<div class=\"wp-block-buttons scale-in-center is-content-justification-center is-layout-flex wp-container-core-buttons-is-layout-a89b3969 wp-block-buttons-is-layout-flex\">\n<div class=\"wp-block-button\"><a class=\"wp-block-button__link wp-element-button\" href=\"tel:34950460167\" style=\"box-shadow:var(--wp--preset--shadow--deep)\">\n JETZT <img decoding=\"async\" src=\"\/wp-content\/uploads\/phone.svg\" alt=\"Telefon\" style=\"width: 24px; height: 24px; vertical-align: text-top; margin-left: 8px;\"\/>\n        <\/a><\/div>\n<\/div>\n<\/div>\n<\/div><\/div>\n<\/div>\n\n<div class=\"wp-block-group has-global-padding is-layout-constrained wp-container-core-group-is-layout-26fec5aa wp-block-group-is-layout-constrained\" style=\"padding-top:var(--wp--preset--spacing--60);padding-bottom:var(--wp--preset--spacing--60)\">\n<h2 class=\"wp-block-heading\"><strong>Willkommen bei Contino Log\u00edstica y Transportes<\/strong><\/h2>\n\n\n\n<h3 class=\"wp-block-heading has-accent-4-color has-text-color has-link-color wp-elements-93283515593b9007bb61a3dd4022cf70\"><strong>Zuverl\u00e4ssige Transportl\u00f6sungen von der spanischen Levante nach Mitteleuropa<\/strong> <\/h3>\n\n\n\n<p>Wir sind Ihr strategischer Partner, um Ihre Lieferkette zu optimieren. Von unserem Hauptsitz in Garrucha (Almer\u00eda) aus und mit St\u00fctzpunkten in Ludwigshafen am Rhein (Deutschland) und Mollet del Vall\u00e9s (Barcelona) verbinden wir die spanische Levante mit Europa.  <\/p>\n\n\n\n<p>Unsere Flotte von 50 Lkw und 40 Fahrern bef\u00f6rdert w\u00f6chentlich mehr als 60 Ladungen nach Europa und 50 R\u00fcckladungen, insbesondere auf der Mittelmeerroute nach Frankreich und Mitteleuropa.<\/p>\n\n\n\n<figure class=\"wp-block-image size-large\"><img alt=\"\" loading=\"lazy\" decoding=\"async\" width=\"1240\" height=\"827\" src=\"https:\/\/continotransporte.es\/wp-content\/uploads\/contino4-1240x827.webp\" alt=\"\" class=\"wp-image-450\" srcset=\"https:\/\/continotransporte.es\/wp-content\/uploads\/contino4-1240x827.webp 1240w, https:\/\/continotransporte.es\/wp-content\/uploads\/contino4-921x614.webp 921w, https:\/\/continotransporte.es\/wp-content\/uploads\/contino4-450x300.webp 450w, https:\/\/continotransporte.es\/wp-content\/uploads\/contino4-768x512.webp 768w, https:\/\/continotransporte.es\/wp-content\/uploads\/contino4-1536x1024.webp 1536w, https:\/\/continotransporte.es\/wp-content\/uploads\/contino4.webp 1800w\" sizes=\"auto, (max-width: 1240px) 100vw, 1240px\" \/><\/figure>\n<\/div>\n\n<div class=\"wp-block-group has-global-padding is-layout-constrained wp-container-core-group-is-layout-be1d8bd1 wp-block-group-is-layout-constrained\" style=\"padding-top:0;padding-bottom:var(--wp--preset--spacing--80)\">\n<h2 class=\"wp-block-heading\"><strong>Unsere Dienstleistungen<\/strong><\/h2>\n\n\n\n<h3 class=\"wp-block-heading has-accent-4-color has-text-color has-link-color wp-elements-9a4985d4a42c492af79f0eb2497a8ff5\">Ma\u00dfgeschneiderte Transport- und Logistikl\u00f6sungen f\u00fcr Ihre Branche.<\/h3>\n\n\n\n<p>Wir von Contino Log\u00edstica y Transportes wissen, dass moderne Logistik weit \u00fcber den Transport von Waren von einem Ort zum anderen hinausgeht. Deshalb bieten wir ein komplettes Dienstleistungspaket an, das auf die spezifischen Bed\u00fcrfnisse jedes Kunden zugeschnitten ist, vom Spezialtransport bis zum umfassenden Logistikmanagement. Wir operieren von drei strategischen Standorten aus: Garrucha (Almer\u00eda), Ludwigshafen am Rhein (Deutschland) und Mollet del Vall\u00e9s (Barcelona), was uns eine effiziente Abdeckung sowohl in Spanien als auch im \u00fcbrigen Europa erm\u00f6glicht. Unsere Flotte von <strong>50 Lkw<\/strong> und ein Team von <strong>40 erfahrenen Fahrern<\/strong> sorgen f\u00fcr einen p\u00fcnktlichen und zuverl\u00e4ssigen Service. Wir wickeln <strong>w\u00f6chentlich<\/strong> mehr als <strong>60 Transporte zu europ\u00e4ischen Zielen<\/strong> und <strong>50 R\u00fccktransporte<\/strong> ab, wobei der Schwerpunkt auf den Mittelmeerrouten nach Frankreich und Mitteleuropa liegt.<\/p>\n<\/div>\n\n<div class=\"wp-block-group alignfull has-accent-2-background-color has-background has-global-padding is-layout-constrained wp-container-core-group-is-layout-920ee340 wp-block-group-is-layout-constrained\" style=\"margin-top:0;margin-bottom:0;padding-top:var(--wp--preset--spacing--80);padding-bottom:var(--wp--preset--spacing--80)\">\n<div class=\"wp-block-group alignfull fade-in-bottom has-global-padding is-layout-constrained wp-block-group-is-layout-constrained\">\n<h2 class=\"wp-block-heading has-text-align-center\" style=\"margin-bottom:var(--wp--preset--spacing--30)\"><strong>Spezialisierter Transport<\/strong><\/h2>\n\n\n\n<p class=\"has-text-align-center\">Wir entwickeln L\u00f6sungen, die zu Ihnen passen, damit Ihre Ladung dorthin kommt, wo Sie sie haben wollen, wann Sie sie haben wollen.<\/p>\n\n\n\n<div class=\"wp-block-columns is-style-default is-layout-flex wp-container-core-columns-is-layout-b3ed37be wp-block-columns-is-layout-flex\" style=\"margin-top:var(--wp--preset--spacing--60);margin-bottom:var(--wp--preset--spacing--60);padding-right:0;padding-left:0\">\n<div class=\"wp-block-column is-layout-flow wp-container-core-column-is-layout-b108c007 wp-block-column-is-layout-flow\" style=\"padding-right:0;padding-left:0\">\n<div class=\"wp-block-group is-vertical is-content-justification-center is-layout-flex wp-container-core-group-is-layout-ce155fab wp-block-group-is-layout-flex\">\n<figure class=\"wp-block-image aligncenter size-full is-resized\"><img alt=\"\" loading=\"lazy\" decoding=\"async\" width=\"24\" height=\"24\" src=\"https:\/\/continotransporte.es\/wp-content\/uploads\/alert-triangle-1.svg\" alt=\"\" class=\"wp-image-40\" style=\"width:80px\"\/><\/figure>\n\n\n\n<h3 class=\"wp-block-heading has-text-align-center\">Gef\u00e4hrliche G\u00fcter<\/h3>\n<\/div>\n<\/div>\n\n\n\n<div class=\"wp-block-column is-layout-flow wp-block-column-is-layout-flow\">\n<div class=\"wp-block-group is-vertical is-content-justification-center is-layout-flex wp-container-core-group-is-layout-ce155fab wp-block-group-is-layout-flex\">\n<figure class=\"wp-block-image aligncenter size-full is-resized\"><img alt=\"\" loading=\"lazy\" decoding=\"async\" width=\"24\" height=\"24\" src=\"https:\/\/continotransporte.es\/wp-content\/uploads\/vaccine-bottle.svg\" alt=\"\" class=\"wp-image-43\" style=\"width:80px\"\/><\/figure>\n\n\n\n<h3 class=\"wp-block-heading has-text-align-center\">Pharmazeutika<\/h3>\n<\/div>\n<\/div>\n\n\n\n<div class=\"wp-block-column is-layout-flow wp-block-column-is-layout-flow\">\n<div class=\"wp-block-group is-vertical is-content-justification-center is-layout-flex wp-container-core-group-is-layout-ce155fab wp-block-group-is-layout-flex\">\n<figure class=\"wp-block-image aligncenter size-full is-resized\"><img alt=\"\" loading=\"lazy\" decoding=\"async\" width=\"24\" height=\"24\" src=\"https:\/\/continotransporte.es\/wp-content\/uploads\/plant.svg\" alt=\"\" class=\"wp-image-42\" style=\"width:80px\"\/><\/figure>\n\n\n\n<h3 class=\"wp-block-heading has-text-align-center\">Zierpflanze<\/h3>\n<\/div>\n<\/div>\n\n\n\n<div class=\"wp-block-column is-layout-flow wp-block-column-is-layout-flow\">\n<div class=\"wp-block-group is-vertical is-content-justification-center is-layout-flex wp-container-core-group-is-layout-ce155fab wp-block-group-is-layout-flex\">\n<figure class=\"wp-block-image aligncenter size-full is-resized\"><img alt=\"\" loading=\"lazy\" decoding=\"async\" width=\"24\" height=\"24\" src=\"https:\/\/continotransporte.es\/wp-content\/uploads\/carrot.svg\" alt=\"\" class=\"wp-image-41\" style=\"width:80px\"\/><\/figure>\n\n\n\n<h3 class=\"wp-block-heading has-text-align-center\">Hortofrut\u00edcola<\/h3>\n<\/div>\n<\/div>\n<\/div>\n\n\n\n<div class=\"wp-block-buttons is-content-justification-center is-layout-flex wp-container-core-buttons-is-layout-ccccae50 wp-block-buttons-is-layout-flex\" style=\"padding-top:var(--wp--preset--spacing--50);padding-bottom:var(--wp--preset--spacing--50)\">\n<div class=\"wp-block-button\"><a class=\"wp-block-button__link wp-element-button\" href=\"https:\/\/continotransporte.es\/de\/spezialisierter-transport\/\" style=\"box-shadow:var(--wp--preset--shadow--deep)\">MEHR LERNEN<\/a><\/div>\n<\/div>\n<\/div>\n<\/div>\n\n<div class=\"wp-block-group alignfull has-global-padding is-layout-constrained wp-block-group-is-layout-constrained\" style=\"margin-top:0;margin-bottom:0\">\n<div class=\"wp-block-cover alignfull has-parallax\" style=\"min-height:800px;aspect-ratio:unset;\"><div class=\"wp-block-cover__image-background wp-image-447 size-large has-parallax\" style=\"background-position:50% 50%;background-image:url(https:\/\/continotransporte.es\/wp-content\/uploads\/contino1-1240x698.webp)\"><\/div><span aria-hidden=\"true\" class=\"wp-block-cover__background has-background-dim-0 has-background-dim\" style=\"background-color:#586f86\"><\/span><div class=\"wp-block-cover__inner-container has-global-padding is-layout-constrained wp-block-cover-is-layout-constrained\">\n<p class=\"has-text-align-center has-large-font-size\"><\/p>\n<\/div><\/div>\n<\/div>\n\n<div class=\"wp-block-group alignfull is-style-default has-contrast-background-color has-background has-global-padding is-layout-constrained wp-container-core-group-is-layout-920ee340 wp-block-group-is-layout-constrained\" style=\"margin-top:0;margin-bottom:0;padding-top:var(--wp--preset--spacing--80);padding-bottom:var(--wp--preset--spacing--80)\">\n<div class=\"wp-block-group alignwide fade-in-bottom has-global-padding is-layout-constrained wp-block-group-is-layout-constrained\">\n<h2 class=\"wp-block-heading has-text-align-center has-base-color has-text-color has-link-color wp-elements-b2548e228825a8a1f693bfedc96dcc7d\" style=\"margin-bottom:var(--wp--preset--spacing--30)\"><strong>Spezialisierte Logistikdienstleistungen<\/strong><\/h2>\n\n\n\n<p class=\"has-text-align-center has-base-color has-text-color has-link-color wp-elements-d494f63097c59443980b7e39db7c07af\">Finden Sie heraus, wie wir Ihre Logistik effizienter gestalten k\u00f6nnen.<\/p>\n\n\n\n<div class=\"wp-block-columns alignwide is-style-default is-layout-flex wp-container-core-columns-is-layout-b3ed37be wp-block-columns-is-layout-flex\" style=\"margin-top:var(--wp--preset--spacing--60);margin-bottom:var(--wp--preset--spacing--60);padding-right:0;padding-left:0\">\n<div class=\"wp-block-column has-base-color has-text-color has-link-color wp-elements-024f0977d768ee5ac8a2f1489c174c09 is-layout-flow wp-block-column-is-layout-flow\">\n<div class=\"wp-block-group has-base-color has-text-color has-link-color wp-elements-c2f032f769951ddf0291e9a81a39826a is-vertical is-content-justification-center is-layout-flex wp-container-core-group-is-layout-ce155fab wp-block-group-is-layout-flex\">\n<figure class=\"wp-block-image aligncenter size-full is-resized\"><img alt=\"\" loading=\"lazy\" decoding=\"async\" width=\"24\" height=\"24\" src=\"https:\/\/continotransporte.es\/wp-content\/uploads\/transbordos.svg\" alt=\"\" class=\"wp-image-111\" style=\"width:80px\"\/><\/figure>\n\n\n\n<h3 class=\"wp-block-heading has-text-align-center has-base-color has-text-color has-link-color wp-elements-358a6a3f6ebcb762501704e4d95a70b0\">\u00dcberweisungen<\/h3>\n<\/div>\n<\/div>\n\n\n\n<div class=\"wp-block-column is-layout-flow wp-block-column-is-layout-flow\">\n<div class=\"wp-block-group is-vertical is-content-justification-center is-layout-flex wp-container-core-group-is-layout-ce155fab wp-block-group-is-layout-flex\">\n<figure class=\"wp-block-image aligncenter size-full is-resized\"><img alt=\"\" loading=\"lazy\" decoding=\"async\" width=\"24\" height=\"24\" src=\"https:\/\/continotransporte.es\/wp-content\/uploads\/Grupaje.svg\" alt=\"\" class=\"wp-image-113\" style=\"width:80px\"\/><\/figure>\n\n\n\n<h3 class=\"wp-block-heading has-text-align-center has-base-color has-text-color has-link-color wp-elements-5c4116e1c7ba6ab11c75c7c1082cb7bf\">Groupages<\/h3>\n<\/div>\n<\/div>\n\n\n\n<div class=\"wp-block-column is-layout-flow wp-block-column-is-layout-flow\">\n<div class=\"wp-block-group is-vertical is-content-justification-center is-layout-flex wp-container-core-group-is-layout-ce155fab wp-block-group-is-layout-flex\">\n<figure class=\"wp-block-image aligncenter size-full is-resized\"><img alt=\"\" loading=\"lazy\" decoding=\"async\" width=\"24\" height=\"24\" src=\"https:\/\/continotransporte.es\/wp-content\/uploads\/Almacenamiento.svg\" alt=\"\" class=\"wp-image-102\" style=\"width:80px\"\/><\/figure>\n\n\n\n<h3 class=\"wp-block-heading has-text-align-center has-base-color has-text-color has-link-color wp-elements-ca8cd20197a005b1712dd970a6e46d45\">Lagerung<\/h3>\n<\/div>\n<\/div>\n\n\n\n<div class=\"wp-block-column is-layout-flow wp-block-column-is-layout-flow\">\n<div class=\"wp-block-group is-vertical is-content-justification-center is-layout-flex wp-container-core-group-is-layout-ce155fab wp-block-group-is-layout-flex\">\n<figure class=\"wp-block-image aligncenter size-full is-resized\"><img alt=\"\" loading=\"lazy\" decoding=\"async\" width=\"24\" height=\"24\" src=\"https:\/\/continotransporte.es\/wp-content\/uploads\/distribucion-capilar.svg\" alt=\"\" class=\"wp-image-119\" style=\"width:80px\"\/><\/figure>\n\n\n\n<h3 class=\"wp-block-heading has-text-align-center has-base-color has-text-color has-link-color wp-elements-aeb7fe38c24b66eef88e9966f3b37c41\">Kapillarverteilung<\/h3>\n<\/div>\n<\/div>\n<\/div>\n\n\n\n<div class=\"wp-block-columns alignwide is-style-default is-layout-flex wp-container-core-columns-is-layout-b3ed37be wp-block-columns-is-layout-flex\" style=\"margin-top:var(--wp--preset--spacing--60);margin-bottom:var(--wp--preset--spacing--60);padding-right:0;padding-left:0\">\n<div class=\"wp-block-column has-base-color has-text-color has-link-color wp-elements-49d9e48ea035a549520e93556eb5aeeb is-layout-flow wp-block-column-is-layout-flow\">\n<div class=\"wp-block-group has-base-color has-text-color has-link-color wp-elements-a20be9d43f0eea454649b8d6f7ccd993 is-vertical is-content-justification-center is-layout-flex wp-container-core-group-is-layout-ce155fab wp-block-group-is-layout-flex\">\n<figure class=\"wp-block-image aligncenter size-full is-resized\"><img alt=\"\" loading=\"lazy\" decoding=\"async\" width=\"24\" height=\"24\" src=\"https:\/\/continotransporte.es\/wp-content\/uploads\/gestion-aduanera.svg\" alt=\"\" class=\"wp-image-117\" style=\"width:80px\"\/><\/figure>\n\n\n\n<h3 class=\"wp-block-heading has-text-align-center has-base-color has-text-color has-link-color wp-elements-0d6e1014603721b9d5cf31740e47b4dc\">Verwaltung des Zolls<\/h3>\n<\/div>\n<\/div>\n\n\n\n<div class=\"wp-block-column is-layout-flow wp-block-column-is-layout-flow\">\n<div class=\"wp-block-group is-vertical is-content-justification-center is-layout-flex wp-container-core-group-is-layout-ce155fab wp-block-group-is-layout-flex\">\n<figure class=\"wp-block-image aligncenter size-full is-resized\"><img alt=\"\" loading=\"lazy\" decoding=\"async\" width=\"24\" height=\"24\" src=\"https:\/\/continotransporte.es\/wp-content\/uploads\/gps.svg\" alt=\"\" class=\"wp-image-115\" style=\"width:80px\"\/><\/figure>\n\n\n\n<h3 class=\"wp-block-heading has-text-align-center has-base-color has-text-color has-link-color wp-elements-fe5a9c991cbda3efaa5cb8e17d3581ac\">Unmittelbares Follow-up<\/h3>\n<\/div>\n<\/div>\n\n\n\n<div class=\"wp-block-column is-layout-flow wp-block-column-is-layout-flow\">\n<div class=\"wp-block-group is-vertical is-content-justification-center is-layout-flex wp-container-core-group-is-layout-ce155fab wp-block-group-is-layout-flex\">\n<figure class=\"wp-block-image aligncenter size-full is-resized\"><img alt=\"\" loading=\"lazy\" decoding=\"async\" width=\"24\" height=\"24\" src=\"https:\/\/continotransporte.es\/wp-content\/uploads\/seguros.svg\" alt=\"\" class=\"wp-image-109\" style=\"width:80px\"\/><\/figure>\n\n\n\n<h3 class=\"wp-block-heading has-text-align-center has-base-color has-text-color has-link-color wp-elements-f330d408b9ee1db87635ced3cf42cf57\">Angepasste Versicherung<\/h3>\n<\/div>\n<\/div>\n<\/div>\n\n\n\n<div class=\"wp-block-buttons is-content-justification-center is-layout-flex wp-container-core-buttons-is-layout-ccccae50 wp-block-buttons-is-layout-flex\" style=\"padding-top:var(--wp--preset--spacing--50);padding-bottom:var(--wp--preset--spacing--50)\">\n<div class=\"wp-block-button\"><a class=\"wp-block-button__link has-contrast-color has-base-background-color has-text-color has-background has-link-color wp-element-button\" href=\"https:\/\/continotransporte.es\/de\/integrale-logistik\/\" style=\"box-shadow:var(--wp--preset--shadow--deep)\">MEHR LERNEN<\/a><\/div>\n<\/div>\n<\/div>\n<\/div>\n\n<div class=\"wp-block-group alignfull has-accent-2-background-color has-background has-global-padding is-layout-constrained wp-block-group-is-layout-constrained\" style=\"padding-top:var(--wp--preset--spacing--80);padding-bottom:var(--wp--preset--spacing--80)\">\n<div class=\"wp-block-group has-global-padding is-layout-constrained wp-block-group-is-layout-constrained\" style=\"margin-top:var(--wp--preset--spacing--50);margin-bottom:var(--wp--preset--spacing--50)\">\n<h2 class=\"wp-block-heading has-text-align-center fade-in-bottom\"><strong>LASS UNS REDEN<\/strong><\/h2>\n\n\n\n<h3 class=\"wp-block-heading has-text-align-center fade-in-bottom-02 has-accent-4-color has-text-color has-link-color wp-elements-5a9836045e974d0946ba23aec4bf2271\" style=\"margin-bottom:var(--wp--preset--spacing--50)\"><strong>Verbinden Sie sich mit Ihrem Logistikpartner in Spanien und Europa<\/strong><\/h3>\n\n\n\n<div class=\"wp-block-buttons scale-in-center is-content-justification-center is-layout-flex wp-container-core-buttons-is-layout-a89b3969 wp-block-buttons-is-layout-flex\">\n<div class=\"wp-block-button\"><a class=\"wp-block-button__link wp-element-button\" href=\"tel:34950460167\" style=\"box-shadow:var(--wp--preset--shadow--deep)\">\n JETZT <img decoding=\"async\" src=\"\/wp-content\/uploads\/phone.svg\" alt=\"Telefon\" style=\"width: 24px; height: 24px; vertical-align: text-top; margin-left: 8px;\"\/>\n        <\/a><\/div>\n<\/div>\n<\/div>\n<\/div>\n","protected":false},"excerpt":{"rendered":"<p>KONTINUIERLICHE TRANSPORTE Logistikl\u00f6sungen von der spanischen Levante nach Europa Willkommen bei Contino Log\u00edstica y Transportes Zuverl\u00e4ssige Transportl\u00f6sungen von der spanischen Levante nach Mitteleuropa Wir sind Ihr strategischer Partner, um Ihre Lieferkette zu optimieren. Von unserem Hauptsitz in Garrucha (Almer\u00eda) aus und mit St\u00fctzpunkten in Ludwigshafen am Rhein (Deutschland) und Mollet del Vall\u00e9s (Barcelona) verbinden wir [&hellip;]<\/p>\n","protected":false},"author":2,"featured_media":0,"parent":0,"menu_order":0,"comment_status":"closed","ping_status":"closed","template":"page-no-title","meta":{"_seopress_robots_primary_cat":"","_seopress_titles_title":"","_seopress_titles_desc":"","_seopress_robots_index":"","footnotes":""},"class_list":["post-567","page","type-page","status-publish","hentry"],"_links":{"self":[{"href":"https:\/\/continotransporte.es\/de\/wp-json\/wp\/v2\/pages\/567","targetHints":{"allow":["GET"]}}],"collection":[{"href":"https:\/\/continotransporte.es\/de\/wp-json\/wp\/v2\/pages"}],"about":[{"href":"https:\/\/continotransporte.es\/de\/wp-json\/wp\/v2\/types\/page"}],"author":[{"embeddable":true,"href":"https:\/\/continotransporte.es\/de\/wp-json\/wp\/v2\/users\/2"}],"replies":[{"embeddable":true,"href":"https:\/\/continotransporte.es\/de\/wp-json\/wp\/v2\/comments?post=567"}],"version-history":[{"count":5,"href":"https:\/\/continotransporte.es\/de\/wp-json\/wp\/v2\/pages\/567\/revisions"}],"predecessor-version":[{"id":635,"href":"https:\/\/continotransporte.es\/de\/wp-json\/wp\/v2\/pages\/567\/revisions\/635"}],"wp:attachment":[{"href":"https:\/\/continotransporte.es\/de\/wp-json\/wp\/v2\/media?parent=567"}],"curies":[{"name":"wp","href":"https:\/\/api.w.org\/{rel}","templated":true}]}}