{"id":601,"date":"2025-04-04T13:08:30","date_gmt":"2025-04-04T11:08:30","guid":{"rendered":"https:\/\/continotransporte.es\/integrale-logistik\/"},"modified":"2025-04-24T13:02:16","modified_gmt":"2025-04-24T11:02:16","slug":"integrale-logistik","status":"publish","type":"page","link":"https:\/\/continotransporte.es\/de\/integrale-logistik\/","title":{"rendered":"Integrale Logistik"},"content":{"rendered":"\n<div class=\"wp-block-group alignfull solo-movil has-accent-2-background-color has-background has-global-padding is-layout-constrained wp-block-group-is-layout-constrained\">\n<figure class=\"wp-block-image alignfull size-full\"><img alt=\"\" loading=\"lazy\" decoding=\"async\" width=\"1920\" height=\"1343\" src=\"https:\/\/continotransporte.es\/wp-content\/uploads\/logistica-contino.jpg\" alt=\"\" class=\"wp-image-302\" srcset=\"https:\/\/continotransporte.es\/wp-content\/uploads\/logistica-contino.jpg 1920w, https:\/\/continotransporte.es\/wp-content\/uploads\/logistica-contino-921x644.jpg 921w, https:\/\/continotransporte.es\/wp-content\/uploads\/logistica-contino-1240x867.jpg 1240w, https:\/\/continotransporte.es\/wp-content\/uploads\/logistica-contino-450x315.jpg 450w, https:\/\/continotransporte.es\/wp-content\/uploads\/logistica-contino-768x537.jpg 768w, https:\/\/continotransporte.es\/wp-content\/uploads\/logistica-contino-1536x1074.jpg 1536w\" sizes=\"auto, (max-width: 1920px) 100vw, 1920px\" \/><\/figure>\n\n\n\n<div class=\"wp-block-group has-global-padding is-layout-constrained wp-container-core-group-is-layout-956c2a94 wp-block-group-is-layout-constrained\" style=\"padding-top:var(--wp--preset--spacing--30);padding-right:0;padding-bottom:var(--wp--preset--spacing--60);padding-left:0\">\n<h1 class=\"wp-block-heading has-text-align-center\" style=\"font-style:normal;font-weight:400\">Integrale Logistik<\/h1>\n\n\n\n<p class=\"has-text-align-center\">Alle Arten von Logistikl\u00f6sungen in Spanien und Europa.<\/p>\n\n\n\n<div class=\"wp-block-buttons is-content-justification-center is-layout-flex wp-container-core-buttons-is-layout-c936322e wp-block-buttons-is-layout-flex\" style=\"padding-top:var(--wp--preset--spacing--40);padding-bottom:var(--wp--preset--spacing--40)\">\n<div class=\"wp-block-button\"><a class=\"wp-block-button__link wp-element-button\" style=\"box-shadow:var(--wp--preset--shadow--deep)\">KONTAKT<\/a><\/div>\n<\/div>\n<\/div>\n<\/div>\n\n<div class=\"wp-block-group alignfull solo-desktop has-global-padding is-layout-constrained wp-block-group-is-layout-constrained\" style=\"margin-top:0;margin-bottom:0\">\n<div class=\"wp-block-cover alignfull is-light wp-duotone-unset-1\" style=\"min-height:80vh;aspect-ratio:unset;\"><img alt=\"\" loading=\"lazy\" decoding=\"async\" width=\"1920\" height=\"1343\" class=\"wp-block-cover__image-background wp-image-302\" alt=\"\" src=\"https:\/\/continotransporte.es\/wp-content\/uploads\/logistica-contino.jpg\" data-object-fit=\"cover\" srcset=\"https:\/\/continotransporte.es\/wp-content\/uploads\/logistica-contino.jpg 1920w, https:\/\/continotransporte.es\/wp-content\/uploads\/logistica-contino-921x644.jpg 921w, https:\/\/continotransporte.es\/wp-content\/uploads\/logistica-contino-1240x867.jpg 1240w, https:\/\/continotransporte.es\/wp-content\/uploads\/logistica-contino-450x315.jpg 450w, https:\/\/continotransporte.es\/wp-content\/uploads\/logistica-contino-768x537.jpg 768w, https:\/\/continotransporte.es\/wp-content\/uploads\/logistica-contino-1536x1074.jpg 1536w\" sizes=\"auto, (max-width: 1920px) 100vw, 1920px\" \/><span aria-hidden=\"true\" class=\"wp-block-cover__background has-base-background-color has-background-dim-20 has-background-dim\"><\/span><div class=\"wp-block-cover__inner-container is-layout-flow wp-block-cover-is-layout-flow\">\n<div class=\"wp-block-group has-global-padding is-layout-constrained wp-block-group-is-layout-constrained\">\n<h1 class=\"wp-block-heading alignwide has-text-align-center is-style-default sombra-oscura fade-in-bottom has-base-color has-text-color has-link-color wp-elements-c0a3abe3c8d0ede390f1bc5c297f399a\" style=\"font-style:normal;font-weight:700\">GANZHEITLICHE LOGISTIK<\/h1>\n\n\n\n<p class=\"has-text-align-center sombra-oscura fade-in-bottom-02 has-base-color has-text-color has-link-color has-large-font-size wp-elements-955275c397a9884273849250104112f8\">Alle Arten von Logistikl\u00f6sungen in Spanien und Europa.<\/p>\n\n\n\n<div class=\"wp-block-buttons scale-in-center is-content-justification-center is-layout-flex wp-container-core-buttons-is-layout-a89b3969 wp-block-buttons-is-layout-flex\">\n<div class=\"wp-block-button\"><a class=\"wp-block-button__link wp-element-button\" href=\"tel:34950460167\" style=\"box-shadow:var(--wp--preset--shadow--deep)\">\n JETZT <img decoding=\"async\" src=\"\/wp-content\/uploads\/phone.svg\" alt=\"Telefon\" style=\"width: 24px; height: 24px; vertical-align: text-top; margin-left: 8px;\"\/>\n        <\/a><\/div>\n<\/div>\n<\/div>\n<\/div><\/div>\n<\/div>\n\n<div class=\"wp-block-group has-global-padding is-layout-constrained wp-container-core-group-is-layout-cc24a253 wp-block-group-is-layout-constrained\" style=\"padding-top:0;padding-bottom:0\">\n<h2 class=\"wp-block-heading\" style=\"margin-top:var(--wp--preset--spacing--80)\"><strong><strong>Integrierte Logistikl\u00f6sungen von der spanischen Levante bis ins Herz Europas<\/strong><\/strong><\/h2>\n\n\n\n<p>Bei Contino geht unser Engagement \u00fcber den Transport hinaus: An unseren drei Standorten &#8211; Garrucha, Ludwigshafen am Rhein und Mollet del Vall\u00e9s &#8211; bieten wir <strong>fortschrittliche Logistikdienstleistungen<\/strong> an, die Umschlag, Sammelgut, Zwischenlagerung, Distributionsmanagement und andere spezialisierte Logistikaufgaben umfassen. So k\u00f6nnen wir uns auf die komplexesten Anforderungen unserer Kunden einstellen und in jeder Phase des Prozesses Zeit und Kosten optimieren: <\/p>\n\n\n\n<ul class=\"wp-block-list\">\n<li><strong>Umsteigen<\/strong>: Wir organisieren den Fahrzeugwechsel auf langen oder komplexen Strecken und sorgen f\u00fcr einen reibungslosen und effizienten \u00dcbergang.<\/li>\n\n\n\n<li><strong>Sammelgut<\/strong>: Wir fassen kleine Sendungen zu Komplettladungen zusammen, um die Kosten zu senken und die Nachhaltigkeit Ihres Betriebs zu verbessern.<\/li>\n\n\n\n<li><strong>Lagerung<\/strong>: Wir verf\u00fcgen \u00fcber sichere und angepasste R\u00e4ume f\u00fcr die vor\u00fcbergehende oder l\u00e4ngerfristige Lagerung Ihrer G\u00fcter.<\/li>\n\n\n\n<li><strong>Kapillardistribution<\/strong>: Wir k\u00fcmmern uns um die Zustellung auf der letzten Meile und erreichen jedes Ziel in Europa mit Pr\u00e4zision.<\/li>\n\n\n\n<li><strong>Zollabwicklung<\/strong>: Wir bieten Beratung und Verfahren zur Erleichterung des internationalen Handels und zur Straffung der Grenzprozesse.<\/li>\n\n\n\n<li><strong>Verfolgung in Echtzeit<\/strong>: Wir bieten vollst\u00e4ndige Transparenz Ihrer Sendungen durch fortschrittliche Verfolgungssysteme.<\/li>\n\n\n\n<li><strong>Individuelle Versicherung<\/strong>: Wir sch\u00fctzen Ihre Waren mit ma\u00dfgeschneiderten Policen, die Ihnen bei jedem Vorgang ein sicheres Gef\u00fchl geben.<\/li>\n<\/ul>\n\n\n\n<p>Vor allem an unserem deutschen Hauptsitz in Ludwigshafen am Rhein stellen wir Ihnen diese fortschrittlichen Logistikl\u00f6sungen zur Verf\u00fcgung und sorgen daf\u00fcr, dass Ihre Gesch\u00e4fte in Mitteleuropa von der gleichen Qualit\u00e4t und Effizienz profitieren, die wir in Spanien bieten. Mit fast 30 Jahren Erfahrung in der Branche kombinieren wir bei Contino modernste Technologie, ein hochqualifiziertes Team und einen kundenorientierten Ansatz, um Ihr Unternehmen \u00fcber die Grenzen hinaus zu bringen. <\/p>\n\n\n\n<p>Wir von Contino Log\u00edstica y Transportes sind viel mehr als ein Transportunternehmen: Wir sind Ihr strategischer Partner zur Optimierung Ihrer gesamten Lieferkette.<\/p>\n<\/div>\n\n<div class=\"wp-block-group alignfull has-accent-2-background-color has-background has-global-padding is-layout-constrained wp-block-group-is-layout-constrained\" style=\"padding-top:var(--wp--preset--spacing--80);padding-bottom:var(--wp--preset--spacing--80)\">\n<div class=\"wp-block-group has-global-padding is-layout-constrained wp-block-group-is-layout-constrained\" style=\"margin-top:var(--wp--preset--spacing--50);margin-bottom:var(--wp--preset--spacing--50)\">\n<h2 class=\"wp-block-heading has-text-align-center fade-in-bottom\"><strong>LASS UNS REDEN<\/strong><\/h2>\n\n\n\n<h3 class=\"wp-block-heading has-text-align-center fade-in-bottom-02 has-accent-4-color has-text-color has-link-color wp-elements-5a9836045e974d0946ba23aec4bf2271\" style=\"margin-bottom:var(--wp--preset--spacing--50)\"><strong>Verbinden Sie sich mit Ihrem Logistikpartner in Spanien und Europa<\/strong><\/h3>\n\n\n\n<div class=\"wp-block-buttons scale-in-center is-content-justification-center is-layout-flex wp-container-core-buttons-is-layout-a89b3969 wp-block-buttons-is-layout-flex\">\n<div class=\"wp-block-button\"><a class=\"wp-block-button__link wp-element-button\" href=\"tel:34950460167\" style=\"box-shadow:var(--wp--preset--shadow--deep)\">\n JETZT <img decoding=\"async\" src=\"\/wp-content\/uploads\/phone.svg\" alt=\"Telefon\" style=\"width: 24px; height: 24px; vertical-align: text-top; margin-left: 8px;\"\/>\n        <\/a><\/div>\n<\/div>\n<\/div>\n<\/div>\n","protected":false},"excerpt":{"rendered":"<p>Integrale Logistik Alle Arten von Logistikl\u00f6sungen in Spanien und Europa. Integrierte Logistikl\u00f6sungen von der spanischen Levante bis ins Herz Europas Bei Contino geht unser Engagement \u00fcber den Transport hinaus: An unseren drei Standorten &#8211; Garrucha, Ludwigshafen am Rhein und Mollet del Vall\u00e9s &#8211; bieten wir fortschrittliche Logistikdienstleistungen an, die Umschlag, Sammelgut, Zwischenlagerung, Distributionsmanagement und andere [&hellip;]<\/p>\n","protected":false},"author":3,"featured_media":0,"parent":0,"menu_order":0,"comment_status":"closed","ping_status":"closed","template":"page-no-title","meta":{"_seopress_robots_primary_cat":"","_seopress_titles_title":"","_seopress_titles_desc":"","_seopress_robots_index":"","footnotes":""},"class_list":["post-601","page","type-page","status-publish","hentry"],"_links":{"self":[{"href":"https:\/\/continotransporte.es\/de\/wp-json\/wp\/v2\/pages\/601","targetHints":{"allow":["GET"]}}],"collection":[{"href":"https:\/\/continotransporte.es\/de\/wp-json\/wp\/v2\/pages"}],"about":[{"href":"https:\/\/continotransporte.es\/de\/wp-json\/wp\/v2\/types\/page"}],"author":[{"embeddable":true,"href":"https:\/\/continotransporte.es\/de\/wp-json\/wp\/v2\/users\/3"}],"replies":[{"embeddable":true,"href":"https:\/\/continotransporte.es\/de\/wp-json\/wp\/v2\/comments?post=601"}],"version-history":[{"count":1,"href":"https:\/\/continotransporte.es\/de\/wp-json\/wp\/v2\/pages\/601\/revisions"}],"predecessor-version":[{"id":603,"href":"https:\/\/continotransporte.es\/de\/wp-json\/wp\/v2\/pages\/601\/revisions\/603"}],"wp:attachment":[{"href":"https:\/\/continotransporte.es\/de\/wp-json\/wp\/v2\/media?parent=601"}],"curies":[{"name":"wp","href":"https:\/\/api.w.org\/{rel}","templated":true}]}}