{"id":611,"date":"2025-04-03T22:40:08","date_gmt":"2025-04-03T20:40:08","guid":{"rendered":"https:\/\/continotransporte.es\/wir\/"},"modified":"2025-04-24T13:17:49","modified_gmt":"2025-04-24T11:17:49","slug":"ueber-uns","status":"publish","type":"page","link":"https:\/\/continotransporte.es\/de\/ueber-uns\/","title":{"rendered":"\u00dcber uns"},"content":{"rendered":"\n<div class=\"wp-block-group alignfull solo-movil has-accent-2-background-color has-background has-global-padding is-layout-constrained wp-block-group-is-layout-constrained\">\n<figure class=\"wp-block-image alignfull size-full\"><img alt=\"\" loading=\"lazy\" decoding=\"async\" width=\"1600\" height=\"1064\" src=\"https:\/\/continotransporte.es\/wp-content\/uploads\/DSC_0363.webp\" alt=\"\" class=\"wp-image-308\" srcset=\"https:\/\/continotransporte.es\/wp-content\/uploads\/DSC_0363.webp 1600w, https:\/\/continotransporte.es\/wp-content\/uploads\/DSC_0363-921x612.webp 921w, https:\/\/continotransporte.es\/wp-content\/uploads\/DSC_0363-1240x825.webp 1240w, https:\/\/continotransporte.es\/wp-content\/uploads\/DSC_0363-450x299.webp 450w, https:\/\/continotransporte.es\/wp-content\/uploads\/DSC_0363-768x511.webp 768w, https:\/\/continotransporte.es\/wp-content\/uploads\/DSC_0363-1536x1021.webp 1536w\" sizes=\"auto, (max-width: 1600px) 100vw, 1600px\" \/><\/figure>\n\n\n\n<div class=\"wp-block-group has-global-padding is-layout-constrained wp-container-core-group-is-layout-956c2a94 wp-block-group-is-layout-constrained\" style=\"padding-top:var(--wp--preset--spacing--30);padding-right:0;padding-bottom:var(--wp--preset--spacing--60);padding-left:0\">\n<h1 class=\"wp-block-heading has-text-align-center\" style=\"font-style:normal;font-weight:400\">Unsere Geschichte<\/h1>\n\n\n\n<p class=\"has-text-align-center\">Tradition und internationale Berufung aus Almeria<\/p>\n\n\n\n<div class=\"wp-block-buttons is-content-justification-center is-layout-flex wp-container-core-buttons-is-layout-c936322e wp-block-buttons-is-layout-flex\" style=\"padding-top:var(--wp--preset--spacing--40);padding-bottom:var(--wp--preset--spacing--40)\">\n<div class=\"wp-block-button\"><a class=\"wp-block-button__link wp-element-button\" style=\"box-shadow:var(--wp--preset--shadow--deep)\">KONTAKT<\/a><\/div>\n<\/div>\n<\/div>\n<\/div>\n\n<div class=\"wp-block-group alignfull solo-desktop has-global-padding is-layout-constrained wp-block-group-is-layout-constrained\" style=\"margin-top:0;margin-bottom:0\">\n<div class=\"wp-block-cover alignfull is-light wp-duotone-unset-1\" style=\"min-height:80vh;aspect-ratio:unset;\"><img alt=\"\" loading=\"lazy\" decoding=\"async\" width=\"1600\" height=\"1064\" class=\"wp-block-cover__image-background wp-image-308\" alt=\"\" src=\"https:\/\/continotransporte.es\/wp-content\/uploads\/DSC_0363.webp\" data-object-fit=\"cover\" srcset=\"https:\/\/continotransporte.es\/wp-content\/uploads\/DSC_0363.webp 1600w, https:\/\/continotransporte.es\/wp-content\/uploads\/DSC_0363-921x612.webp 921w, https:\/\/continotransporte.es\/wp-content\/uploads\/DSC_0363-1240x825.webp 1240w, https:\/\/continotransporte.es\/wp-content\/uploads\/DSC_0363-450x299.webp 450w, https:\/\/continotransporte.es\/wp-content\/uploads\/DSC_0363-768x511.webp 768w, https:\/\/continotransporte.es\/wp-content\/uploads\/DSC_0363-1536x1021.webp 1536w\" sizes=\"auto, (max-width: 1600px) 100vw, 1600px\" \/><span aria-hidden=\"true\" class=\"wp-block-cover__background has-base-background-color has-background-dim-0 has-background-dim\"><\/span><div class=\"wp-block-cover__inner-container is-layout-flow wp-block-cover-is-layout-flow\">\n<div class=\"wp-block-group has-global-padding is-layout-constrained wp-block-group-is-layout-constrained\">\n<h1 class=\"wp-block-heading alignwide has-text-align-center is-style-default sombra-oscura fade-in-bottom has-base-color has-text-color has-link-color has-xx-large-font-size wp-elements-353738419859d6e8606c4d1c89036e12\" style=\"font-style:normal;font-weight:700\">UNSERE GESCHICHTE<\/h1>\n\n\n\n<p class=\"has-text-align-center sombra-oscura fade-in-bottom has-base-color has-text-color has-link-color has-large-font-size wp-elements-bf72c4a603af527e73775ae7314dd2cc\">Tradition und internationale Berufung aus Almeria<\/p>\n\n\n\n<div class=\"wp-block-buttons scale-in-center is-content-justification-center is-layout-flex wp-container-core-buttons-is-layout-a89b3969 wp-block-buttons-is-layout-flex\">\n<div class=\"wp-block-button\"><a class=\"wp-block-button__link wp-element-button\" href=\"tel:34950460167\" style=\"box-shadow:var(--wp--preset--shadow--deep)\">\n JETZT <img decoding=\"async\" src=\"\/wp-content\/uploads\/phone.svg\" alt=\"Telefon\" style=\"width: 24px; height: 24px; vertical-align: text-top; margin-left: 8px;\"\/>\n        <\/a><\/div>\n<\/div>\n<\/div>\n<\/div><\/div>\n<\/div>\n\n<div class=\"wp-block-group has-base-background-color has-background has-global-padding is-layout-constrained wp-container-core-group-is-layout-620202a4 wp-block-group-is-layout-constrained\" style=\"padding-top:var(--wp--preset--spacing--80);padding-right:0;padding-bottom:var(--wp--preset--spacing--80);padding-left:0\">\n<h2 class=\"wp-block-heading alignwide has-text-align-left\" style=\"margin-right:0;margin-bottom:0;margin-left:0\"><strong><strong><strong>Unsere Geschichte:<\/strong><\/strong><\/strong><\/h2>\n\n\n\n<h3 class=\"wp-block-heading has-text-align-left\"><strong><strong><strong>Familie, Tradition und internationale Berufung in der Levante-Region von Almeria<\/strong><\/strong><\/strong><\/h3>\n\n\n\n<p>Wir von Contino Transportes verbinden seit mehr als sechs Jahrzehnten Levante Almeriense mit der Welt. Wir sind ein Familienunternehmen, verwurzelt in der Tradition und den Bem\u00fchungen von drei Generationen, die dieses Unternehmen zu einem Symbol f\u00fcr Vertrauen und Exzellenz gemacht haben. <\/p>\n\n\n\n<p>Unser Name <strong>Contino<\/strong> hat seinen Ursprung in dem traditionellen Spitznamen unserer Familie, &#8222;Los Contino&#8220;, ein Spitzname, der uns seit Jahrhunderten kennzeichnet und der heute f\u00fcr Engagement und Service im Transportwesen steht. Alles begann im <strong>Jahr 1959<\/strong>, als <strong>Juan Rodr\u00edguez<\/strong>, unser Gro\u00dfvater, das Unternehmen mit einem einzigen Fahrzeug gr\u00fcndete und Milch von den \u00f6rtlichen Bauernh\u00f6fen abholte. Schon bald wuchs diese bescheidene Initiative: Die ersten Routen nach Barcelona mit Transportwagen markierten den Beginn unserer Mission, Menschen und M\u00e4rkte zu verbinden.  <\/p>\n\n\n\n<figure class=\"wp-block-image\"><img decoding=\"async\" src=\"https:\/\/scontent-bcn1-1.xx.fbcdn.net\/v\/t39.30808-6\/469861195_2883071858511091_2962300539573639950_n.jpg?_nc_cat=102&amp;ccb=1-7&amp;_nc_sid=aa7b47&amp;_nc_ohc=4ySOjf6B3q0Q7kNvwFi4bmQ&amp;_nc_oc=Adm5JhOmaSn6Qqy-dEppAfmRwgz_kyeHlxn3WtwSK6qO4kUbLruCMDWJnH4G78juqv3TYlgkq92Z28LgjEOBQqUs&amp;_nc_zt=23&amp;_nc_ht=scontent-bcn1-1.xx&amp;_nc_gid=5UQ5TCV9Oa3U4zlC5tNTew&amp;oh=00_AfHxuzX5In9V2w-dl8wd9lPeQ88bRxnJuVNoCk0dySPerQ&amp;oe=67FACB52\" alt=\"\"\/><\/figure>\n\n\n\n<p>Im Laufe der Jahre wuchs das Unternehmen zu neuen Horizonten. Im Jahr <strong>1967<\/strong> erwarben wir unseren ersten gro\u00dfen Transporter, einen DKW, und <strong>1974<\/strong> schafften wir mit einem Pegaso Europa 170 den Sprung zu gr\u00f6\u00dferen Lastwagen. <strong>1978<\/strong> nahmen wir Anh\u00e4nger in unseren Fuhrpark auf und erweiterten unsere Aktivit\u00e4ten. Die zweite Generation unter der Leitung von <strong>Juan Jos\u00e9 Rodr\u00edguez <\/strong> f\u00fchrte die Marke <strong>Contino Transportes<\/strong> ein und festigte unsere Position in der Branche. Die Lastwagen fanden ihr erstes Zuhause im Hafen von Garrucha, und nach mehreren Installationen in der Umgebung von Garrucha er\u00f6ffneten wir <strong>2004<\/strong> unseren heutigen Hauptsitz in La Jara, der unsere Wurzeln und unser Wachstum in der Region widerspiegelt.    <\/p>\n\n\n\n<figure class=\"wp-block-image size-large\"><img alt=\"\" loading=\"lazy\" decoding=\"async\" width=\"930\" height=\"1240\" src=\"https:\/\/continotransporte.es\/wp-content\/uploads\/WhatsApp-Image-2024-05-08-at-14.18.24-1_DxO-930x1240.webp\" alt=\"\" class=\"wp-image-168\" srcset=\"https:\/\/continotransporte.es\/wp-content\/uploads\/WhatsApp-Image-2024-05-08-at-14.18.24-1_DxO-930x1240.webp 930w, https:\/\/continotransporte.es\/wp-content\/uploads\/WhatsApp-Image-2024-05-08-at-14.18.24-1_DxO-691x921.webp 691w, https:\/\/continotransporte.es\/wp-content\/uploads\/WhatsApp-Image-2024-05-08-at-14.18.24-1_DxO-338x450.webp 338w, https:\/\/continotransporte.es\/wp-content\/uploads\/WhatsApp-Image-2024-05-08-at-14.18.24-1_DxO-768x1024.webp 768w, https:\/\/continotransporte.es\/wp-content\/uploads\/WhatsApp-Image-2024-05-08-at-14.18.24-1_DxO-1152x1536.webp 1152w, https:\/\/continotransporte.es\/wp-content\/uploads\/WhatsApp-Image-2024-05-08-at-14.18.24-1_DxO.webp 1200w\" sizes=\"auto, (max-width: 930px) 100vw, 930px\" \/><\/figure>\n\n\n\n<p>Heute steht die dritte Generation der Familie Rodr\u00edguez am Ruder und f\u00fchrt das Erbe mit Leidenschaft und Visionen fort. Unter ihrer F\u00fchrung haben wir Grenzen \u00fcberschritten: <strong>2015<\/strong> er\u00f6ffneten wir unseren Hauptsitz in <strong>Ludwigshafen am Rhein, Deutschland,<\/strong> und <strong>2023<\/strong> weihten wir einen neuen Standort in <strong>Mollet del Vall\u00e9s, Barcelona,<\/strong> ein. Diese Erweiterungen zeigen unsere internationale Berufung, aber unser Herz bleibt in Levante Almeriense. Hier besch\u00e4ftigen wir mehr als <strong>60 Familien<\/strong> in der Region und tragen mit einem Umsatz von mehr als <strong>3 Millionen Euro<\/strong> zur wirtschaftlichen und sozialen Entwicklung unserer Gemeinde bei.   <\/p>\n\n\n\n<p>Bei Contino Transportes messen wir unseren Erfolg am Vertrauen unserer Kunden und an den positiven Auswirkungen, die wir in unserem Land hinterlassen. Wir sind ein Familienunternehmen mit globaler Ausrichtung, aber stets unseren Wurzeln in Garrucha treu, wo alles begann. <\/p>\n<\/div>\n\n<div class=\"wp-block-group alignfull has-accent-2-background-color has-background has-global-padding is-layout-constrained wp-block-group-is-layout-constrained\" style=\"padding-top:var(--wp--preset--spacing--80);padding-bottom:var(--wp--preset--spacing--80)\">\n<div class=\"wp-block-group has-global-padding is-layout-constrained wp-block-group-is-layout-constrained\" style=\"margin-top:var(--wp--preset--spacing--50);margin-bottom:var(--wp--preset--spacing--50)\">\n<h2 class=\"wp-block-heading has-text-align-center fade-in-bottom\"><strong>LASS UNS REDEN<\/strong><\/h2>\n\n\n\n<h3 class=\"wp-block-heading has-text-align-center fade-in-bottom-02 has-accent-4-color has-text-color has-link-color wp-elements-5a9836045e974d0946ba23aec4bf2271\" style=\"margin-bottom:var(--wp--preset--spacing--50)\"><strong>Verbinden Sie sich mit Ihrem Logistikpartner in Spanien und Europa<\/strong><\/h3>\n\n\n\n<div class=\"wp-block-buttons scale-in-center is-content-justification-center is-layout-flex wp-container-core-buttons-is-layout-a89b3969 wp-block-buttons-is-layout-flex\">\n<div class=\"wp-block-button\"><a class=\"wp-block-button__link wp-element-button\" href=\"tel:34950460167\" style=\"box-shadow:var(--wp--preset--shadow--deep)\">\n JETZT <img decoding=\"async\" src=\"\/wp-content\/uploads\/phone.svg\" alt=\"Telefon\" style=\"width: 24px; height: 24px; vertical-align: text-top; margin-left: 8px;\"\/>\n        <\/a><\/div>\n<\/div>\n<\/div>\n<\/div>\n","protected":false},"excerpt":{"rendered":"<p>Unsere Geschichte Tradition und internationale Berufung aus Almeria Unsere Geschichte: Familie, Tradition und internationale Berufung in der Levante-Region von Almeria Wir von Contino Transportes verbinden seit mehr als sechs Jahrzehnten Levante Almeriense mit der Welt. Wir sind ein Familienunternehmen, verwurzelt in der Tradition und den Bem\u00fchungen von drei Generationen, die dieses Unternehmen zu einem Symbol [&hellip;]<\/p>\n","protected":false},"author":3,"featured_media":0,"parent":0,"menu_order":0,"comment_status":"closed","ping_status":"closed","template":"page-no-title","meta":{"_seopress_robots_primary_cat":"","_seopress_titles_title":"","_seopress_titles_desc":"","_seopress_robots_index":"","footnotes":""},"class_list":["post-611","page","type-page","status-publish","hentry"],"_links":{"self":[{"href":"https:\/\/continotransporte.es\/de\/wp-json\/wp\/v2\/pages\/611","targetHints":{"allow":["GET"]}}],"collection":[{"href":"https:\/\/continotransporte.es\/de\/wp-json\/wp\/v2\/pages"}],"about":[{"href":"https:\/\/continotransporte.es\/de\/wp-json\/wp\/v2\/types\/page"}],"author":[{"embeddable":true,"href":"https:\/\/continotransporte.es\/de\/wp-json\/wp\/v2\/users\/3"}],"replies":[{"embeddable":true,"href":"https:\/\/continotransporte.es\/de\/wp-json\/wp\/v2\/comments?post=611"}],"version-history":[{"count":2,"href":"https:\/\/continotransporte.es\/de\/wp-json\/wp\/v2\/pages\/611\/revisions"}],"predecessor-version":[{"id":626,"href":"https:\/\/continotransporte.es\/de\/wp-json\/wp\/v2\/pages\/611\/revisions\/626"}],"wp:attachment":[{"href":"https:\/\/continotransporte.es\/de\/wp-json\/wp\/v2\/media?parent=611"}],"curies":[{"name":"wp","href":"https:\/\/api.w.org\/{rel}","templated":true}]}}