{"id":613,"date":"2025-03-31T11:20:28","date_gmt":"2025-03-31T09:20:28","guid":{"rendered":"https:\/\/continotransporte.es\/kontakt\/"},"modified":"2025-10-16T16:22:35","modified_gmt":"2025-10-16T14:22:35","slug":"kontakt","status":"publish","type":"page","link":"https:\/\/continotransporte.es\/de\/kontakt\/","title":{"rendered":"Kontakt"},"content":{"rendered":"\n<div class=\"wp-block-group alignfull has-global-padding is-layout-constrained wp-container-core-group-is-layout-0725e3c2 wp-block-group-is-layout-constrained\" style=\"padding-right:0;padding-left:0\">\n<div style=\"overflow:hidden;padding-bottom:400px;height:0;width:100%;\">\n<iframe src=\"https:\/\/www.google.com\/maps\/embed?pb=!1m18!1m12!1m3!1d17897.23710588367!2d-1.8530931246947453!3d37.18851827893352!2m3!1f0!2f0!3f0!3m2!1i1024!2i768!4f13.1!3m3!1m2!1s0xd7ad78ab53f28e3%3A0xeca6e1fe04f8690d!2sContino%20transportes%20S.%20L!5e0!3m2!1ses!2ses!4v1744113354620!5m2!1ses!2ses\" width=\"100%\" height=\"550\" style=\"border:0;\" allowfullscreen=\"\" loading=\"lazy\" referrerpolicy=\"no-referrer-when-downgrade\"><\/iframe><\/div>\n<\/div>\n\n<div class=\"wp-block-group has-global-padding is-layout-constrained wp-container-core-group-is-layout-3e8c055c wp-block-group-is-layout-constrained\" style=\"padding-top:var(--wp--preset--spacing--80);padding-bottom:var(--wp--preset--spacing--80)\">\n<h2 class=\"wp-block-heading\"><strong>Verbinden Sie sich mit Ihrem Logistikpartner in Spanien und Europa<\/strong><\/h2>\n\n\n\n<p>Wir von Contino Log\u00edstica y Transportes unterst\u00fctzen Sie dabei, Ihr Unternehmen mit umfassenden und ma\u00dfgeschneiderten Logistikl\u00f6sungen auf die n\u00e4chste Stufe zu heben. Ganz gleich, ob Sie ein detailliertes Angebot oder zus\u00e4tzliche Informationen \u00fcber unsere Dienstleistungen ben\u00f6tigen oder eine komplexe Logistikoperation koordinieren m\u00f6chten, unser Team steht Ihnen von unseren drei strategischen Standorten in Spanien und Deutschland aus zur Verf\u00fcgung. Kontaktieren Sie uns noch heute und erfahren Sie, wie wir Ihre Transport- und Logistikprozesse optimieren k\u00f6nnen.<\/p>\n<\/div>\n\n<div class=\"wp-block-group is-style-default has-global-padding is-layout-constrained wp-container-core-group-is-layout-d912ed72 wp-block-group-is-layout-constrained\" style=\"margin-top:0;margin-bottom:0;padding-top:var(--wp--preset--spacing--50);padding-bottom:var(--wp--preset--spacing--50)\">\n<div class=\"wp-block-group alignwide has-global-padding is-layout-constrained wp-block-group-is-layout-constrained\">\n<div class=\"wp-block-group alignwide is-layout-grid wp-container-core-group-is-layout-5b5f6092 wp-block-group-is-layout-grid\" style=\"border-top-color:var(--wp--preset--color--accent-4);border-top-width:1px;margin-top:var(--wp--preset--spacing--50);padding-top:var(--wp--preset--spacing--60);padding-bottom:var(--wp--preset--spacing--60)\">\n<div class=\"wp-block-group wp-container-content-30ce9d60 is-vertical is-layout-flex wp-container-core-group-is-layout-fe9cc265 wp-block-group-is-layout-flex\">\n<h3 class=\"wp-block-heading has-x-large-font-size\" style=\"font-style:normal;font-weight:700\">Hauptsitz<\/h3>\n\n\n\n<p><strong>Contino Log\u00edstica y Transportes SL<br\/><\/strong>Paraje Jara, 22<br\/>04630 Garrucha, Almeria, Spanien<br\/>Telefon: <strong>950 460 167<\/strong><br\/>E-Mail: administracion@continotransporte.es<\/p>\n<\/div>\n\n\n\n<div class=\"wp-block-group wp-container-content-30ce9d60 is-vertical is-layout-flex wp-container-core-group-is-layout-fe9cc265 wp-block-group-is-layout-flex\">\n<h3 class=\"wp-block-heading has-x-large-font-size\" style=\"font-style:normal;font-weight:700\">Basis in Deutschland<\/h3>\n\n\n\n<p><strong>Contino Log\u00edstica y Transportes SL<br\/><\/strong>Am Herrschaftsweiher 45, 67071 <br\/>LudwishafenLudwigshafen am Rhein, Deutschland<br\/>Telefon: <strong>0049 17 3452 1632<\/strong><br\/>Email: logistica@continotransporte.es<\/p>\n<\/div>\n\n\n\n<div class=\"wp-block-group wp-container-content-30ce9d60 is-vertical is-layout-flex wp-container-core-group-is-layout-fe9cc265 wp-block-group-is-layout-flex\">\n<h3 class=\"wp-block-heading has-x-large-font-size\" style=\"font-style:normal;font-weight:700\">Hauptsitz in Mollet del Vall\u00e9s<\/h3>\n\n\n\n<p><strong>Contino Log\u00edstica y Transportes SL<br\/><\/strong>Francesc Layret, 75. 5-2 <br\/>08100 Mollet del Vall\u00e9s, Barcelona, Espa\u00f1a<br\/>Email: mollet@continotransporte.es<\/p>\n<\/div>\n<\/div>\n<\/div>\n<\/div>\n\n<div class=\"wp-block-group alignfull has-accent-2-background-color has-background has-global-padding is-layout-constrained wp-block-group-is-layout-constrained\" style=\"padding-top:var(--wp--preset--spacing--80);padding-bottom:var(--wp--preset--spacing--80)\">\n<div class=\"wp-block-group has-global-padding is-layout-constrained wp-block-group-is-layout-constrained\" style=\"margin-top:var(--wp--preset--spacing--50);margin-bottom:var(--wp--preset--spacing--50)\">\n<h2 class=\"wp-block-heading has-text-align-center fade-in-bottom\"><strong>LASS UNS REDEN<\/strong><\/h2>\n\n\n\n<h3 class=\"wp-block-heading has-text-align-center fade-in-bottom-02 has-accent-4-color has-text-color has-link-color wp-elements-5a9836045e974d0946ba23aec4bf2271\" style=\"margin-bottom:var(--wp--preset--spacing--50)\"><strong>Verbinden Sie sich mit Ihrem Logistikpartner in Spanien und Europa<\/strong><\/h3>\n\n\n\n<div class=\"wp-block-buttons scale-in-center is-content-justification-center is-layout-flex wp-container-core-buttons-is-layout-a89b3969 wp-block-buttons-is-layout-flex\">\n<div class=\"wp-block-button\"><a class=\"wp-block-button__link wp-element-button\" href=\"tel:34950460167\" style=\"box-shadow:var(--wp--preset--shadow--deep)\">\n JETZT <img decoding=\"async\" src=\"\/wp-content\/uploads\/phone.svg\" alt=\"Telefon\" style=\"width: 24px; height: 24px; vertical-align: text-top; margin-left: 8px;\"\/>\n        <\/a><\/div>\n<\/div>\n<\/div>\n<\/div>\n","protected":false},"excerpt":{"rendered":"<p>Verbinden Sie sich mit Ihrem Logistikpartner in Spanien und Europa Wir von Contino Log\u00edstica y Transportes unterst\u00fctzen Sie dabei, Ihr Unternehmen mit umfassenden und ma\u00dfgeschneiderten Logistikl\u00f6sungen auf die n\u00e4chste Stufe zu heben. Ganz gleich, ob Sie ein detailliertes Angebot oder zus\u00e4tzliche Informationen \u00fcber unsere Dienstleistungen ben\u00f6tigen oder eine komplexe Logistikoperation koordinieren m\u00f6chten, unser Team steht [&hellip;]<\/p>\n","protected":false},"author":3,"featured_media":0,"parent":0,"menu_order":0,"comment_status":"closed","ping_status":"closed","template":"page-no-title","meta":{"_seopress_robots_primary_cat":"","_seopress_titles_title":"","_seopress_titles_desc":"","_seopress_robots_index":"","footnotes":""},"class_list":["post-613","page","type-page","status-publish","hentry"],"_links":{"self":[{"href":"https:\/\/continotransporte.es\/de\/wp-json\/wp\/v2\/pages\/613","targetHints":{"allow":["GET"]}}],"collection":[{"href":"https:\/\/continotransporte.es\/de\/wp-json\/wp\/v2\/pages"}],"about":[{"href":"https:\/\/continotransporte.es\/de\/wp-json\/wp\/v2\/types\/page"}],"author":[{"embeddable":true,"href":"https:\/\/continotransporte.es\/de\/wp-json\/wp\/v2\/users\/3"}],"replies":[{"embeddable":true,"href":"https:\/\/continotransporte.es\/de\/wp-json\/wp\/v2\/comments?post=613"}],"version-history":[{"count":2,"href":"https:\/\/continotransporte.es\/de\/wp-json\/wp\/v2\/pages\/613\/revisions"}],"predecessor-version":[{"id":664,"href":"https:\/\/continotransporte.es\/de\/wp-json\/wp\/v2\/pages\/613\/revisions\/664"}],"wp:attachment":[{"href":"https:\/\/continotransporte.es\/de\/wp-json\/wp\/v2\/media?parent=613"}],"curies":[{"name":"wp","href":"https:\/\/api.w.org\/{rel}","templated":true}]}}