{"id":617,"date":"2025-04-14T11:12:59","date_gmt":"2025-04-14T09:12:59","guid":{"rendered":"https:\/\/continotransporte.es\/grupajes-almeria\/"},"modified":"2026-02-12T11:59:00","modified_gmt":"2026-02-12T10:59:00","slug":"grupajes-almeria","status":"publish","type":"page","link":"https:\/\/continotransporte.es\/de\/grupajes-almeria\/","title":{"rendered":"Grupajes Almeria"},"content":{"rendered":"\n<div class=\"wp-block-group alignfull solo-movil has-accent-2-background-color has-background has-global-padding is-layout-constrained wp-block-group-is-layout-constrained\">\n<figure class=\"wp-block-image alignfull size-full\"><img alt=\"\" loading=\"lazy\" decoding=\"async\" width=\"1920\" height=\"1343\" src=\"https:\/\/continotransporte.es\/wp-content\/uploads\/logistica-contino.jpg\" alt=\"\" class=\"wp-image-302\" srcset=\"https:\/\/continotransporte.es\/wp-content\/uploads\/logistica-contino.jpg 1920w, https:\/\/continotransporte.es\/wp-content\/uploads\/logistica-contino-921x644.jpg 921w, https:\/\/continotransporte.es\/wp-content\/uploads\/logistica-contino-1240x867.jpg 1240w, https:\/\/continotransporte.es\/wp-content\/uploads\/logistica-contino-450x315.jpg 450w, https:\/\/continotransporte.es\/wp-content\/uploads\/logistica-contino-768x537.jpg 768w, https:\/\/continotransporte.es\/wp-content\/uploads\/logistica-contino-1536x1074.jpg 1536w\" sizes=\"auto, (max-width: 1920px) 100vw, 1920px\" \/><\/figure>\n\n\n\n<div class=\"wp-block-group has-global-padding is-layout-constrained wp-container-core-group-is-layout-956c2a94 wp-block-group-is-layout-constrained\" style=\"padding-top:var(--wp--preset--spacing--30);padding-right:0;padding-bottom:var(--wp--preset--spacing--60);padding-left:0\">\n<h1 class=\"wp-block-heading has-text-align-center\" style=\"font-style:normal;font-weight:400\">Groupages Almeria<\/h1>\n\n\n\n<p class=\"has-text-align-center\">Reduzieren Sie Ihre Transportkosten durch die gemeinsame Nutzung eines Anh\u00e4ngers.<\/p>\n\n\n\n<div class=\"wp-block-buttons is-content-justification-center is-layout-flex wp-container-core-buttons-is-layout-c936322e wp-block-buttons-is-layout-flex\" style=\"padding-top:var(--wp--preset--spacing--40);padding-bottom:var(--wp--preset--spacing--40)\">\n<div class=\"wp-block-button\"><a class=\"wp-block-button__link wp-element-button\" style=\"box-shadow:var(--wp--preset--shadow--deep)\">KONTAKT<\/a><\/div>\n<\/div>\n<\/div>\n<\/div>\n\n<div class=\"wp-block-group alignfull solo-desktop has-global-padding is-layout-constrained wp-block-group-is-layout-constrained\" style=\"margin-top:0;margin-bottom:0\">\n<div class=\"wp-block-cover alignfull is-light wp-duotone-unset-1\" style=\"min-height:80vh;aspect-ratio:unset;\"><img alt=\"\" loading=\"lazy\" decoding=\"async\" width=\"1920\" height=\"1343\" class=\"wp-block-cover__image-background wp-image-302\" alt=\"\" src=\"https:\/\/continotransporte.es\/wp-content\/uploads\/logistica-contino.jpg\" data-object-fit=\"cover\" srcset=\"https:\/\/continotransporte.es\/wp-content\/uploads\/logistica-contino.jpg 1920w, https:\/\/continotransporte.es\/wp-content\/uploads\/logistica-contino-921x644.jpg 921w, https:\/\/continotransporte.es\/wp-content\/uploads\/logistica-contino-1240x867.jpg 1240w, https:\/\/continotransporte.es\/wp-content\/uploads\/logistica-contino-450x315.jpg 450w, https:\/\/continotransporte.es\/wp-content\/uploads\/logistica-contino-768x537.jpg 768w, https:\/\/continotransporte.es\/wp-content\/uploads\/logistica-contino-1536x1074.jpg 1536w\" sizes=\"auto, (max-width: 1920px) 100vw, 1920px\" \/><span aria-hidden=\"true\" class=\"wp-block-cover__background has-base-background-color has-background-dim-20 has-background-dim\"><\/span><div class=\"wp-block-cover__inner-container is-layout-flow wp-block-cover-is-layout-flow\">\n<div class=\"wp-block-group has-global-padding is-layout-constrained wp-block-group-is-layout-constrained\">\n<h1 class=\"wp-block-heading alignwide has-text-align-center is-style-default sombra-oscura fade-in-bottom has-base-color has-text-color has-link-color wp-elements-5ffcbaaedce95cf625dd50e2016a7218\" style=\"font-style:normal;font-weight:700\">GROUPAGES ALMERIA<\/h1>\n\n\n\n<p class=\"has-text-align-center sombra-oscura fade-in-bottom-02 has-base-color has-text-color has-link-color has-large-font-size wp-elements-66e5696905e6b4b4095a31f369e97a46\">Reduzieren Sie Ihre Transportkosten durch Trailer-Sharing<\/p>\n\n\n\n<div class=\"wp-block-buttons scale-in-center is-content-justification-center is-layout-flex wp-container-core-buttons-is-layout-a89b3969 wp-block-buttons-is-layout-flex\">\n<div class=\"wp-block-button\"><a class=\"wp-block-button__link wp-element-button\" href=\"tel:34950460167\" style=\"box-shadow:var(--wp--preset--shadow--deep)\">\n JETZT <img decoding=\"async\" src=\"\/wp-content\/uploads\/phone.svg\" alt=\"Telefon\" style=\"width: 24px; height: 24px; vertical-align: text-top; margin-left: 8px;\"\/>\n        <\/a><\/div>\n<\/div>\n<\/div>\n<\/div><\/div>\n<\/div>\n\n<div class=\"wp-block-group has-global-padding is-layout-constrained wp-container-core-group-is-layout-cc24a253 wp-block-group-is-layout-constrained\" style=\"padding-top:0;padding-bottom:0\">\n<h2 class=\"wp-block-heading\" style=\"margin-top:var(--wp--preset--spacing--80)\"><strong><strong>Sammelgutverkehr von der spanischen Levante nach Europa &#8211; Contino Transportes<\/strong><\/strong><\/h2>\n\n\n\n<p>Suchen Sie nach einer wirtschaftlichen und effizienten L\u00f6sung f\u00fcr den Versand Ihrer Waren nach Mitteleuropa? Wir von <strong>Contino Transportes<\/strong> bieten Ihnen einen <strong>Sammelgutverkehr<\/strong> von Almeria und Murcia aus an, bei dem Sie sich den Platz in unseren LKWs teilen k\u00f6nnen, um die Kosten zu senken, ohne Abstriche bei der Servicequalit\u00e4t zu machen. <\/p>\n\n\n\n<h2 class=\"wp-block-heading\">Was ist Groupage und welche Vorteile bringt es Ihnen?<\/h2>\n\n\n\n<p>Der <strong>Sammelgutverkehr<\/strong>, auch bekannt als <strong>geteilter Transport<\/strong>, ist die ideale Option f\u00fcr Unternehmen, die kleine Sendungen verschicken m\u00fcssen, ohne einen ganzen LKW zu f\u00fcllen. Wir kombinieren Ihre Waren mit denen anderer Kunden im selben Fahrzeug und bieten: <\/p>\n\n\n\n<ul class=\"wp-block-list\">\n<li><strong>Erhebliche Einsparungen<\/strong>: Sie zahlen nur f\u00fcr den von Ihnen genutzten Raum.<\/li>\n\n\n\n<li><strong>Flexibilit\u00e4t<\/strong>: Regelm\u00e4\u00dfige, an Ihren Bedarf angepasste Lieferungen.<\/li>\n\n\n\n<li><strong>Nachhaltigkeit<\/strong>: Reduziert den Kohlenstoff-Fu\u00dfabdruck durch Optimierung der Tragf\u00e4higkeit.<\/li>\n<\/ul>\n\n\n\n<div class=\"wp-block-group has-global-padding is-layout-constrained wp-block-group-is-layout-constrained\" style=\"padding-top:var(--wp--preset--spacing--50);padding-bottom:var(--wp--preset--spacing--50)\">\n<div class=\"wp-block-buttons scale-in-center is-content-justification-center is-layout-flex wp-container-core-buttons-is-layout-a89b3969 wp-block-buttons-is-layout-flex\">\n<div class=\"wp-block-button\"><a class=\"wp-block-button__link wp-element-button\" href=\"tel:34950460167\" style=\"box-shadow:var(--wp--preset--shadow--deep)\">\n JETZT <img decoding=\"async\" src=\"\/wp-content\/uploads\/phone.svg\" alt=\"Telefon\" style=\"width: 24px; height: 24px; vertical-align: text-top; margin-left: 8px;\"\/>\n        <\/a><\/div>\n<\/div>\n<\/div>\n\n\n\n<h2 class=\"wp-block-heading\">Warum sollten Sie Contino Transportes f\u00fcr Ihre Sammeltransporte w\u00e4hlen?<\/h2>\n\n\n\n<p>Wir von <strong>Contino Transportes<\/strong> sind Spezialisten f\u00fcr Logistik und Sammeltransporte von Almeria und Murcia zu Zielen in Mitteleuropa, wie Frankreich und Deutschland. Wir bieten Ihnen: <\/p>\n\n\n\n<ul class=\"wp-block-list\">\n<li><strong>Lokale Erfahrung<\/strong>: Mehr als 60 Jahre Arbeit mit Unternehmen in Almeria und Murcia.<\/li>\n\n\n\n<li><strong>Internationale Abdeckung<\/strong>: Regelm\u00e4\u00dfige Routen nach Mitteleuropa mit p\u00fcnktlichen Lieferungen.<\/li>\n\n\n\n<li><strong>Moderner Fuhrpark<\/strong>: 50 Lkw, die f\u00fcr den Transport von Obst und Gem\u00fcse bis hin zu Chemikalien (ADR) ausger\u00fcstet sind.<\/li>\n\n\n\n<li><strong>Full Service<\/strong>: Neben dem Sammelgutverkehr bieten wir Lagerhaltung, Kapillardistribution und Zollabfertigung.<\/li>\n<\/ul>\n\n\n\n<h2 class=\"wp-block-heading\">Wie funktioniert unser Sammelgutdienst?<\/h2>\n\n\n\n<ol class=\"wp-block-list\">\n<li><strong>Konsolidierung<\/strong>: Wir holen Ihre G\u00fcter in Almeria oder Murcia ab und fassen sie mit anderen kompatiblen Ladungen zusammen.<\/li>\n\n\n\n<li><strong>Sicherer Transport<\/strong>: Unsere modernen Lkw und erfahrenen Fahrer sorgen daf\u00fcr, dass Ihre Sendung in einwandfreiem Zustand ankommt.<\/li>\n\n\n\n<li><strong>P\u00fcnktliche Lieferung<\/strong>: Dank unseres Netzwerks von Standorten in Spanien und Deutschland k\u00f6nnen wir wettbewerbsf\u00e4hige Lieferzeiten gew\u00e4hrleisten.<\/li>\n<\/ol>\n\n\n\n<h2 class=\"wp-block-heading\">Perfekt f\u00fcr Unternehmen in der spanischen Region Levante<\/h2>\n\n\n\n<p>Wenn Sie ein Unternehmen in der Levante haben und kleine Sendungen nach Mitteleuropa verschicken m\u00fcssen, ist unser <strong>internationaler Sammelgutdienst<\/strong> die L\u00f6sung, nach der Sie gesucht haben. Ob Sie landwirtschaftliche, industrielle oder andere Produkte exportieren, wir optimieren Ihre Sendungen, um sie wirtschaftlicher und effizienter zu machen. <\/p>\n<\/div>\n\n<div class=\"wp-block-group alignfull has-accent-2-background-color has-background has-global-padding is-layout-constrained wp-block-group-is-layout-constrained\" style=\"margin-top:var(--wp--preset--spacing--80);padding-top:var(--wp--preset--spacing--80);padding-bottom:var(--wp--preset--spacing--80)\">\n<div class=\"wp-block-group has-global-padding is-layout-constrained wp-block-group-is-layout-constrained\" style=\"margin-top:var(--wp--preset--spacing--50);margin-bottom:var(--wp--preset--spacing--50)\">\n<h2 class=\"wp-block-heading has-text-align-center fade-in-bottom\"><strong>Sind Sie bereit, Ihre Sendungen zu optimieren?<\/strong><\/h2>\n\n\n\n<h3 class=\"wp-block-heading has-text-align-center fade-in-bottom-02 has-accent-4-color has-text-color has-link-color wp-elements-8da687024630ac8dc259dfe545f2f4fe\" style=\"margin-bottom:var(--wp--preset--spacing--50)\">Rufen Sie uns an und erfahren Sie, wie wir Ihnen helfen k\u00f6nnen, Ihre Logistik zu verbessern.<\/h3>\n\n\n\n<div class=\"wp-block-buttons scale-in-center is-content-justification-center is-layout-flex wp-container-core-buttons-is-layout-a89b3969 wp-block-buttons-is-layout-flex\">\n<div class=\"wp-block-button\"><a class=\"wp-block-button__link wp-element-button\" href=\"tel:34950460167\" style=\"box-shadow:var(--wp--preset--shadow--deep)\">\n JETZT <img decoding=\"async\" src=\"\/wp-content\/uploads\/phone.svg\" alt=\"Telefon\" style=\"width: 24px; height: 24px; vertical-align: text-top; margin-left: 8px;\"\/>\n        <\/a><\/div>\n<\/div>\n<\/div>\n<\/div>\n","protected":false},"excerpt":{"rendered":"<p>Groupages Almeria Reduzieren Sie Ihre Transportkosten durch die gemeinsame Nutzung eines Anh\u00e4ngers. Sammelgutverkehr von der spanischen Levante nach Europa &#8211; Contino Transportes Suchen Sie nach einer wirtschaftlichen und effizienten L\u00f6sung f\u00fcr den Versand Ihrer Waren nach Mitteleuropa? Wir von Contino Transportes bieten Ihnen einen Sammelgutverkehr von Almeria und Murcia aus an, bei dem Sie sich [&hellip;]<\/p>\n","protected":false},"author":2,"featured_media":0,"parent":0,"menu_order":0,"comment_status":"closed","ping_status":"closed","template":"page-no-title","meta":{"_seopress_robots_primary_cat":"","_seopress_titles_title":"","_seopress_titles_desc":"","_seopress_robots_index":"","footnotes":""},"class_list":["post-617","page","type-page","status-publish","hentry"],"_links":{"self":[{"href":"https:\/\/continotransporte.es\/de\/wp-json\/wp\/v2\/pages\/617","targetHints":{"allow":["GET"]}}],"collection":[{"href":"https:\/\/continotransporte.es\/de\/wp-json\/wp\/v2\/pages"}],"about":[{"href":"https:\/\/continotransporte.es\/de\/wp-json\/wp\/v2\/types\/page"}],"author":[{"embeddable":true,"href":"https:\/\/continotransporte.es\/de\/wp-json\/wp\/v2\/users\/2"}],"replies":[{"embeddable":true,"href":"https:\/\/continotransporte.es\/de\/wp-json\/wp\/v2\/comments?post=617"}],"version-history":[{"count":7,"href":"https:\/\/continotransporte.es\/de\/wp-json\/wp\/v2\/pages\/617\/revisions"}],"predecessor-version":[{"id":675,"href":"https:\/\/continotransporte.es\/de\/wp-json\/wp\/v2\/pages\/617\/revisions\/675"}],"wp:attachment":[{"href":"https:\/\/continotransporte.es\/de\/wp-json\/wp\/v2\/media?parent=617"}],"curies":[{"name":"wp","href":"https:\/\/api.w.org\/{rel}","templated":true}]}}